{"id":284,"date":"2014-07-25T18:30:20","date_gmt":"2014-07-25T16:30:20","guid":{"rendered":"http:\/\/www.larectoriadepalou.net\/?page_id=284"},"modified":"2014-07-25T18:30:38","modified_gmt":"2014-07-25T16:30:38","slug":"contact-angles","status":"publish","type":"page","link":"https:\/\/larectoriadepalou.com\/es\/contact-angles\/?lang=en","title":{"rendered":"Contact angl\u00e8s"},"content":{"rendered":"<div class=\"box-content\">Traducir\u2026<\/div>\n<div class=\"box-content\"><\/div>\n<div class=\"box-content\">Para solicitar informaci\u00f3n, rellene el siguiente formulario. Si lo prefiere, tambi\u00e9n puede ponerse en contacto con nosotros mediante llamada telef\u00f3nica o envi\u00e1ndonos un email.<\/div>\n<div style=\"width: 30.66%; float: left; margin-right: 4%;\">\n<div class=\"box-content\"><b>Restaurante La Rector\u00eda de Palou<\/b><br \/>\nPaseo Dr. Fabregas, 81<br \/>\n08402 Granollers<br \/>\nTel: (+34) 938 791 283<br \/>\nE-Mail: \u201clarectoriadepalou@hotmail.com\u201d ;<\/div>\n<div class=\"box-content\"><\/div>\n<\/div>\n<div style=\"width: 65.32%; float: left;\">\n<div class=\"wpcf7 no-js\" id=\"wpcf7-f142-o1\" lang=\"en-US\" dir=\"ltr\">\n<div class=\"screen-reader-response\"><p role=\"status\" aria-live=\"polite\" aria-atomic=\"true\"><\/p> <ul><\/ul><\/div>\n<form action=\"\/es\/wp-json\/wp\/v2\/pages\/284#wpcf7-f142-o1\" method=\"post\" class=\"wpcf7-form init\" aria-label=\"Contact form\" novalidate=\"novalidate\" data-status=\"init\" data-trp-original-action=\"\/es\/wp-json\/wp\/v2\/pages\/284#wpcf7-f142-o1\">\n<div style=\"display: none;\">\n<input type=\"hidden\" name=\"_wpcf7\" value=\"142\" \/>\n<input type=\"hidden\" name=\"_wpcf7_version\" value=\"5.8\" \/>\n<input type=\"hidden\" name=\"_wpcf7_locale\" value=\"en_US\" \/>\n<input type=\"hidden\" name=\"_wpcf7_unit_tag\" value=\"wpcf7-f142-o1\" \/>\n<input type=\"hidden\" name=\"_wpcf7_container_post\" value=\"0\" \/>\n<input type=\"hidden\" name=\"_wpcf7_posted_data_hash\" value=\"\" \/>\n<\/div>\n<p><span class=\"wpcf7-form-control-wrap\" data-name=\"nombre\"><input size=\"40\" class=\"wpcf7-form-control wpcf7-text wpcf7-validates-as-required\" aria-required=\"true\" aria-invalid=\"false\" placeholder=\"Nombre\" value=\"\" type=\"text\" name=\"nombre\" \/><\/span>\n<\/p>\n<p><span class=\"wpcf7-form-control-wrap\" data-name=\"telefono\"><input size=\"40\" class=\"wpcf7-form-control wpcf7-text\" aria-invalid=\"false\" placeholder=\"Tel\u00e9fono\" value=\"\" type=\"text\" name=\"telefono\" \/><\/span>\n<\/p>\n<p><span class=\"wpcf7-form-control-wrap\" data-name=\"email\"><input size=\"40\" class=\"wpcf7-form-control wpcf7-email wpcf7-validates-as-required wpcf7-text wpcf7-validates-as-email\" aria-required=\"true\" aria-invalid=\"false\" placeholder=\"Email\" value=\"\" type=\"email\" name=\"email\" \/><\/span>\n<\/p>\n<p><span class=\"wpcf7-form-control-wrap\" data-name=\"observaciones\"><textarea cols=\"50\" rows=\"6\" class=\"wpcf7-form-control wpcf7-textarea\" aria-invalid=\"false\" placeholder=\"Observaciones\" name=\"observaciones\"><\/textarea><\/span>\n<\/p>\n<p><span class=\"wpcf7-form-control-wrap\" data-name=\"acceptance-185\"><span class=\"wpcf7-form-control wpcf7-acceptance\"><span class=\"wpcf7-list-item\"><input type=\"checkbox\" name=\"acceptance-185\" value=\"1\" aria-invalid=\"false\" \/><\/span><\/span><\/span> He le\u00eddo y acepto la <a target=\"blank\" href=\"https:\/\/larectoriadepalou.com\/es\/politica-de-privacidad\/\"><strong><u>Pol\u00edtica de privacidad<\/u><\/strong><\/a>\n<\/p>\n<p><input type=\"hidden\" name=\"_wpcf7_captcha_challenge_captcha-17\" value=\"2406779339\" \/><img class=\"wpcf7-form-control wpcf7-captchac wpcf7-captcha-captcha-17\" width=\"84\" height=\"28\" alt=\"captcha\" src=\"https:\/\/larectoriadepalou.com\/wp-content\/uploads\/wpcf7_captcha\/2406779339.png\" \/>\n<\/p>\n<p><span class=\"wpcf7-form-control-wrap\" data-name=\"captcha-17\"><input size=\"40\" class=\"wpcf7-form-control wpcf7-captchar\" autocomplete=\"off\" aria-invalid=\"false\" placeholder=\"Introduzca los caracteres\" value=\"\" type=\"text\" name=\"captcha-17\" \/><\/span>\n<\/p>\n<p><input class=\"wpcf7-form-control wpcf7-submit has-spinner\" type=\"submit\" value=\"Enviar\" \/>\n<\/p><p style=\"display: none !important;\"><label>&#916;<textarea name=\"_wpcf7_ak_hp_textarea\" cols=\"45\" rows=\"8\" maxlength=\"100\"><\/textarea><\/label><input type=\"hidden\" id=\"ak_js_1\" name=\"_wpcf7_ak_js\" value=\"219\"\/><script>document.getElementById( \"ak_js_1\" ).setAttribute( \"value\", ( new Date() ).getTime() );<\/script><\/p><div class=\"wpcf7-response-output\" aria-hidden=\"true\"><\/div>\n<input type=\"hidden\" name=\"trp-form-language\" value=\"es\"\/><\/form>\n<\/div>\n<\/div>","protected":false},"excerpt":{"rendered":"<p>Traduir&#8230; Per sol.licitar informaci\u00f3, ompli el seg\u00fcent formulari. Si ho prefereix, tamb\u00e9 pot posar-se en contacte amb nosaltres mitjan\u00e7ant trucada telef\u00f2nica o enviant-nos un email. Restaurant La Rectoria de Palou Passeig Dr. Fabregas, 81 08402 Granollers Tel: (+34) 938 791 283 E-Mail: &#8220;larectoriadepalou@hotmail.com&#8221; &lt;larectoriadepalou@hotmail.com&gt;;<\/p>","protected":false},"author":1,"featured_media":0,"parent":0,"menu_order":0,"comment_status":"closed","ping_status":"open","template":"","meta":{"_mi_skip_tracking":false,"_monsterinsights_sitenote_active":false,"_monsterinsights_sitenote_note":"","_monsterinsights_sitenote_category":0,"site-sidebar-layout":"default","site-content-layout":"default","ast-global-header-display":"","ast-banner-title-visibility":"","ast-main-header-display":"","ast-hfb-above-header-display":"","ast-hfb-below-header-display":"","ast-hfb-mobile-header-display":"","site-post-title":"disabled","ast-breadcrumbs-content":"","ast-featured-img":"","footer-sml-layout":"","theme-transparent-header-meta":"","adv-header-id-meta":"","stick-header-meta":"","header-above-stick-meta":"","header-main-stick-meta":"","header-below-stick-meta":""},"yoast_head":"<!-- This site is optimized with the Yoast SEO plugin v21.1 - https:\/\/yoast.com\/wordpress\/plugins\/seo\/ -->\n<title>Contact angl\u00e8s -<\/title>\n<meta name=\"robots\" content=\"index, follow, max-snippet:-1, max-image-preview:large, max-video-preview:-1\" \/>\n<link rel=\"canonical\" href=\"https:\/\/larectoriadepalou.com\/es\/contact-angles\/?lang=en\" \/>\n<meta property=\"og:locale\" content=\"es_ES\" \/>\n<meta property=\"og:type\" content=\"article\" \/>\n<meta property=\"og:title\" content=\"Contact angl\u00e8s -\" \/>\n<meta property=\"og:description\" content=\"Traduir&#8230; Per sol.licitar informaci\u00f3, ompli el seg\u00fcent formulari. Si ho prefereix, tamb\u00e9 pot posar-se en contacte amb nosaltres mitjan\u00e7ant trucada telef\u00f2nica o enviant-nos un email. Restaurant La Rectoria de Palou Passeig Dr. Fabregas, 81 08402 Granollers Tel: (+34) 938 791 283 E-Mail: &#8220;larectoriadepalou@hotmail.com&#8221; &lt;larectoriadepalou@hotmail.com&gt;;\" \/>\n<meta property=\"og:url\" content=\"https:\/\/larectoriadepalou.com\/es\/contact-angles\/?lang=en\" \/>\n<meta property=\"article:modified_time\" content=\"2014-07-25T16:30:38+00:00\" \/>\n<script type=\"application\/ld+json\" class=\"yoast-schema-graph\">{\"@context\":\"https:\/\/schema.org\",\"@graph\":[{\"@type\":\"WebPage\",\"@id\":\"https:\/\/larectoriadepalou.com\/contact-angles\/?lang=en\",\"url\":\"https:\/\/larectoriadepalou.com\/contact-angles\/?lang=en\",\"name\":\"Contact angl\u00e8s -\",\"isPartOf\":{\"@id\":\"https:\/\/larectoriadepalou.com\/#website\"},\"datePublished\":\"2014-07-25T16:30:20+00:00\",\"dateModified\":\"2014-07-25T16:30:38+00:00\",\"breadcrumb\":{\"@id\":\"https:\/\/larectoriadepalou.com\/contact-angles\/?lang=en#breadcrumb\"},\"inLanguage\":\"es\",\"potentialAction\":[{\"@type\":\"ReadAction\",\"target\":[\"https:\/\/larectoriadepalou.com\/contact-angles\/?lang=en\"]}]},{\"@type\":\"BreadcrumbList\",\"@id\":\"https:\/\/larectoriadepalou.com\/contact-angles\/?lang=en#breadcrumb\",\"itemListElement\":[{\"@type\":\"ListItem\",\"position\":1,\"name\":\"Home\",\"item\":\"https:\/\/larectoriadepalou.com\/\"},{\"@type\":\"ListItem\",\"position\":2,\"name\":\"Contact angl\u00e8s\"}]},{\"@type\":\"WebSite\",\"@id\":\"https:\/\/larectoriadepalou.com\/#website\",\"url\":\"https:\/\/larectoriadepalou.com\/\",\"name\":\"\",\"description\":\"Restaurant la Rectoria de Palou, Granollers, cuina de mercat amb productes de proximitat\",\"potentialAction\":[{\"@type\":\"SearchAction\",\"target\":{\"@type\":\"EntryPoint\",\"urlTemplate\":\"https:\/\/larectoriadepalou.com\/?s={search_term_string}\"},\"query-input\":\"required name=search_term_string\"}],\"inLanguage\":\"es\"}]}<\/script>\n<!-- \/ Yoast SEO plugin. -->","yoast_head_json":{"title":"Contact angl\u00e8s -","robots":{"index":"index","follow":"follow","max-snippet":"max-snippet:-1","max-image-preview":"max-image-preview:large","max-video-preview":"max-video-preview:-1"},"canonical":"https:\/\/larectoriadepalou.com\/es\/contact-angles\/?lang=en","og_locale":"es_ES","og_type":"article","og_title":"Contact angl\u00e8s -","og_description":"Traduir&#8230; Per sol.licitar informaci\u00f3, ompli el seg\u00fcent formulari. Si ho prefereix, tamb\u00e9 pot posar-se en contacte amb nosaltres mitjan\u00e7ant trucada telef\u00f2nica o enviant-nos un email. Restaurant La Rectoria de Palou Passeig Dr. Fabregas, 81 08402 Granollers Tel: (+34) 938 791 283 E-Mail: &#8220;larectoriadepalou@hotmail.com&#8221; &lt;larectoriadepalou@hotmail.com&gt;;","og_url":"https:\/\/larectoriadepalou.com\/es\/contact-angles\/?lang=en","article_modified_time":"2014-07-25T16:30:38+00:00","schema":{"@context":"https:\/\/schema.org","@graph":[{"@type":"WebPage","@id":"https:\/\/larectoriadepalou.com\/contact-angles\/?lang=en","url":"https:\/\/larectoriadepalou.com\/contact-angles\/?lang=en","name":"Contact angl\u00e8s -","isPartOf":{"@id":"https:\/\/larectoriadepalou.com\/#website"},"datePublished":"2014-07-25T16:30:20+00:00","dateModified":"2014-07-25T16:30:38+00:00","breadcrumb":{"@id":"https:\/\/larectoriadepalou.com\/contact-angles\/?lang=en#breadcrumb"},"inLanguage":"es","potentialAction":[{"@type":"ReadAction","target":["https:\/\/larectoriadepalou.com\/contact-angles\/?lang=en"]}]},{"@type":"BreadcrumbList","@id":"https:\/\/larectoriadepalou.com\/contact-angles\/?lang=en#breadcrumb","itemListElement":[{"@type":"ListItem","position":1,"name":"Home","item":"https:\/\/larectoriadepalou.com\/"},{"@type":"ListItem","position":2,"name":"Contact angl\u00e8s"}]},{"@type":"WebSite","@id":"https:\/\/larectoriadepalou.com\/#website","url":"https:\/\/larectoriadepalou.com\/","name":"","description":"Restaurant la Rectoria de Palou, Granollers, cuina de mercat amb productes de proximitat","potentialAction":[{"@type":"SearchAction","target":{"@type":"EntryPoint","urlTemplate":"https:\/\/larectoriadepalou.com\/?s={search_term_string}"},"query-input":"required name=search_term_string"}],"inLanguage":"es"}]}},"_links":{"self":[{"href":"https:\/\/larectoriadepalou.com\/es\/wp-json\/wp\/v2\/pages\/284"}],"collection":[{"href":"https:\/\/larectoriadepalou.com\/es\/wp-json\/wp\/v2\/pages"}],"about":[{"href":"https:\/\/larectoriadepalou.com\/es\/wp-json\/wp\/v2\/types\/page"}],"author":[{"embeddable":true,"href":"https:\/\/larectoriadepalou.com\/es\/wp-json\/wp\/v2\/users\/1"}],"replies":[{"embeddable":true,"href":"https:\/\/larectoriadepalou.com\/es\/wp-json\/wp\/v2\/comments?post=284"}],"version-history":[{"count":2,"href":"https:\/\/larectoriadepalou.com\/es\/wp-json\/wp\/v2\/pages\/284\/revisions"}],"predecessor-version":[{"id":286,"href":"https:\/\/larectoriadepalou.com\/es\/wp-json\/wp\/v2\/pages\/284\/revisions\/286"}],"wp:attachment":[{"href":"https:\/\/larectoriadepalou.com\/es\/wp-json\/wp\/v2\/media?parent=284"}],"curies":[{"name":"wp","href":"https:\/\/api.w.org\/{rel}","templated":true}]}}